{"id":138,"date":"2025-10-29T13:25:05","date_gmt":"2025-10-29T10:25:05","guid":{"rendered":"https:\/\/halukakakce.thecode.com.tr\/vakif\/"},"modified":"2026-03-25T14:00:05","modified_gmt":"2026-03-25T11:00:05","slug":"foundation-bylaws","status":"publish","type":"page","link":"https:\/\/halukakakcevakfi.org\/en\/foundation-bylaws\/","title":{"rendered":"FOUNDATION BYLAWS"},"content":{"rendered":"\n<div class=\"wp-block-columns are-vertically-aligned-center is-layout-flex wp-container-core-columns-is-layout-9d6595d7 wp-block-columns-is-layout-flex\">\n<div class=\"wp-block-column is-vertically-aligned-center is-layout-flow wp-block-column-is-layout-flow\" style=\"flex-basis:33.33%\">\n<figure class=\"wp-block-image size-full\"><img loading=\"lazy\" decoding=\"async\" width=\"440\" height=\"605\" src=\"https:\/\/halukakakce.thecode.com.tr\/wp-content\/uploads\/2025\/10\/thumbnail-yeni.png\" alt=\"\" class=\"wp-image-92\" srcset=\"https:\/\/halukakakcevakfi.org\/wp-content\/uploads\/2025\/10\/thumbnail-yeni.png 440w, https:\/\/halukakakcevakfi.org\/wp-content\/uploads\/2025\/10\/thumbnail-yeni-218x300.png 218w\" sizes=\"auto, (max-width: 440px) 100vw, 440px\" \/><\/figure>\n<\/div>\n\n\n\n<div class=\"wp-block-column is-vertically-aligned-center is-layout-flow wp-block-column-is-layout-flow\" style=\"flex-basis:66.67%\">\n<p><strong>HALUK AKAK\u00c7E FOUNDATION FOR ART CULTURE AND EDUCATION<\/strong><br><br>The Haluk Akak\u00e7e Foundation for Art, Culture and Education was established in 2025 by the artist\u2019s wife, Nevzat Bayaz\u0131t Akak\u00e7e, fulfilling his long-held wish to create a foundation that would share the unifying and transformative power of art.<br><br>It stands as the continuation of a dream the artist envisioned but could not realize before his passing.Carrying forward Haluk Akak\u00e7e\u2019s vision, the Foundation is dedicated to preserving the principles that defined his life and art \u2014 creativity, freedom, and universality. <br><br>Inspired by the light, motion, and rhythm that permeated his work, the Foundation aspires to become a living space where art connects, inspires, and transforms.Its mission is to honor and protect Haluk<br>Akak\u00e7e\u2019s artistic legacy, to nurture new generations of artists, and to contribute to the cultural, educational, and social enrichment of society through the enduring language of art.<\/p>\n<\/div>\n<\/div>\n\n\n\n<div class=\"wp-block-columns are-vertically-aligned-center flex-reverse is-layout-flex wp-container-core-columns-is-layout-9d6595d7 wp-block-columns-is-layout-flex\">\n<div class=\"wp-block-column is-vertically-aligned-center is-layout-flow wp-block-column-is-layout-flow\" style=\"flex-basis:66.66%\">\n<p><strong>NAME OF THE FOUNDATION<\/strong><br>The foundation is established under the name \u201cHaluk Akak\u00e7e Foundation for Art, Culture and Education.\u201dIts short name is \u201cHaluk Akak\u00e7e Foundation.<br><br><strong>HEADQUARTERS<\/strong><br>The foundation\u2019s headquarters are located in Be\u015fikta\u015f, Istanbul. Address: Vi\u015fnezade Mahallesi, S\u00fcleyman Seba Caddesi, Akaretler S\u0131raevler No:33, Be\u015fikta\u015f, Istanbul, T\u00fcrkiye with the approval of the Board of Directors and relevant authorities, the Foundation may open branches, representative offices, and liaison centers both in Turkey and abroad.<br><br><strong>PURPOSE OF THE FOUNDATION<\/strong><br>The Foundation was established to preserve, promote, and<br>advance the name, artworks, and intellectual legacy of the artist Haluk Akak\u00e7e.<br><br>Its mission is to connect art with society, support emerging artists, and foster cultural, artistic, scientific, and social development in T\u00fcrkiye.<br><br>Guided by a contemporary and independent spirit, the Foundation engages in art, culture, education, and health initiatives that nurture creativity and encourage new ways of seeing and thinking.<\/p>\n<\/div>\n\n\n\n<div class=\"wp-block-column is-vertically-aligned-center is-layout-flow wp-block-column-is-layout-flow\" style=\"flex-basis:33.33%\">\n<figure class=\"wp-block-image size-full\"><img loading=\"lazy\" decoding=\"async\" width=\"440\" height=\"617\" src=\"https:\/\/halukakakce.thecode.com.tr\/wp-content\/uploads\/2025\/10\/Image.png\" alt=\"\" class=\"wp-image-93\" srcset=\"https:\/\/halukakakcevakfi.org\/wp-content\/uploads\/2025\/10\/Image.png 440w, https:\/\/halukakakcevakfi.org\/wp-content\/uploads\/2025\/10\/Image-214x300.png 214w\" sizes=\"auto, (max-width: 440px) 100vw, 440px\" \/><\/figure>\n<\/div>\n<\/div>\n\n\n\n<div class=\"wp-block-columns are-vertically-aligned-top is-layout-flex wp-container-core-columns-is-layout-9d6595d7 wp-block-columns-is-layout-flex\">\n<div class=\"wp-block-column is-vertically-aligned-top is-layout-flow wp-block-column-is-layout-flow\" style=\"flex-basis:33.33%\">\n<figure class=\"wp-block-image size-full\"><img loading=\"lazy\" decoding=\"async\" width=\"440\" height=\"615\" src=\"https:\/\/halukakakce.thecode.com.tr\/wp-content\/uploads\/2025\/10\/Image2.png\" alt=\"\" class=\"wp-image-98\" srcset=\"https:\/\/halukakakcevakfi.org\/wp-content\/uploads\/2025\/10\/Image2.png 440w, https:\/\/halukakakcevakfi.org\/wp-content\/uploads\/2025\/10\/Image2-215x300.png 215w\" sizes=\"auto, (max-width: 440px) 100vw, 440px\" \/><\/figure>\n<\/div>\n\n\n\n<div class=\"wp-block-column is-vertically-aligned-top is-layout-flow wp-block-column-is-layout-flow\" style=\"flex-basis:66.66%\">\n<div class=\"wp-block-group is-vertical is-content-justification-stretch is-layout-flex wp-container-core-group-is-layout-b16ad781 wp-block-group-is-layout-flex\">\n<div class=\"wp-block-columns is-layout-flex wp-container-core-columns-is-layout-9d6595d7 wp-block-columns-is-layout-flex\">\n<div class=\"wp-block-column is-layout-flow wp-block-column-is-layout-flow\">\n<figure class=\"wp-block-table\">\n<div class=\"board-wrapper\">\n\n    <div class=\"board-section\">\n        <h3>GOVERNING BODIES OF THE FOUNDATION<\/h3>\n        <div class=\"board-grid\">\n            <div class=\"board-card noborder\"><div class=\"name\">The sole governing body of the Foundation is the Board of Directors<\/div><\/div>\n        <\/div>\n    <\/div>\n    <div class=\"board-section\">\n        <h3>BOARD OF DIRECTORS<\/h3>\n        <div class=\"board-grid\">\n            <div class=\"board-card\">\n                <div class=\"name\">Nevzat Bayaz\u0131t AKAK\u00c7E<\/div>\n                <div class=\"title\">Chairperson of the Board<\/div>\n            <\/div>\n            <div class=\"board-card\">\n                <div class=\"name\">B\u00fcy\u00fckel\u00e7i (E) Penbe Nesrin BAYAZIT<\/div>\n                <div class=\"title\">Vice President of the Board<\/div>\n            <\/div>\n            <div class=\"board-card\">\n                <div class=\"name\">Zekiye Ecem BAYAZIT<\/div>\n                <div class=\"title\">Board Member<\/div>\n            <\/div>\n            <div class=\"board-card\">\n                <div class=\"name\">Metehan O\u011eUZ<\/div>\n                <div class=\"title\">Substitute Member<\/div>\n            <\/div>\n            <div class=\"board-card\">\n                <div class=\"name\">Mine Nesibe ANLAR<\/div>\n                <div class=\"title\">Substitute Member<\/div>\n            <\/div>\n            <div class=\"board-card\">\n                <div class=\"name\">E\u015fref Eren G\u00dcLER<\/div>\n                <div class=\"title\">Substitute Member<\/div>\n            <\/div>\n        <\/div>\n    <\/div>\n\n    <!-- DENET\u0130M -->\n    <div class=\"board-section\">\n        <h3>AUDIT BOARD<\/h3>\n        <div class=\"board-grid\">\n            <div class=\"board-card\">\n                <div class=\"name\">Mine Nesibe Anlar<\/div>\n                <div class=\"title\">Chairperson<\/div>\n            <\/div>\n        <\/div>\n    <\/div>\n\n    <!-- ONURSAL -->\n    <div class=\"board-section\">\n        <h3>HONORARY ADVISORY BOARD MEMBERS<\/h3>\n        <div class=\"board-grid\">\n            <div class=\"board-card\"><div class=\"name\">Dr. Kathy Battista<\/div><\/div>\n            <div class=\"board-card\"><div class=\"name\">Melkan G\u00fcrsel<\/div><\/div>\n            <div class=\"board-card\"><div class=\"name\">Ayten Mirzoyeva<\/div><\/div>\n        <\/div>\n    <\/div>\n\n    <!-- DANI\u015eMA -->\n    <div class=\"board-section\">\n        <h3>ADVISORY BOARD MEMBERS<\/h3>\n        <div class=\"board-grid\">\n<div class=\"board-card\"><div class=\"name\">Mine Nesibe Anlar<\/div><\/div>\n            <div class=\"board-card\"><div class=\"name\">Hakan G\u00fcler<\/div><\/div>\n            <div class=\"board-card\"><div class=\"name\">G\u00f6kay G\u00fcndo\u011fdu<\/div><\/div>\n            <div class=\"board-card\"><div class=\"name\">\u015eebnem I\u015f\u0131k<\/div><\/div>\n            <div class=\"board-card\"><div class=\"name\">Elvan Karakimseli<\/div><\/div>\n            <div class=\"board-card\"><div class=\"name\">\u015eeng\u00fcl O\u011fuz<\/div><\/div>\n            <div class=\"board-card\"><div class=\"name\">Bulut Reyhano\u011flu<\/div><\/div>\n            <div class=\"board-card\"><div class=\"name\">Ece S\u00fckan<\/div><\/div>\n            <div class=\"board-card\"><div class=\"name\">Ay\u00e7a Telgeren<\/div><\/div>\n        <\/div>\n    <\/div>\n\n<\/div>\n<\/figure>\n<\/div>\n<\/div>\n<\/div>\n<\/div>\n<\/div>\n","protected":false},"excerpt":{"rendered":"<p>HALUK AKAK\u00c7E FOUNDATION FOR ART CULTURE AND EDUCATION The Haluk Akak\u00e7e Foundation for Art, Culture and Education was established in 2025 by the artist\u2019s wife, Nevzat Bayaz\u0131t Akak\u00e7e, fulfilling his long-held wish to create a foundation that would share the unifying and transformative power of art. It stands as the continuation of a dream the [&hellip;]<\/p>\n","protected":false},"author":1,"featured_media":0,"parent":0,"menu_order":0,"comment_status":"closed","ping_status":"closed","template":"","meta":{"_acf_changed":false,"footnotes":""},"class_list":["post-138","page","type-page","status-publish","hentry"],"acf":[],"_links":{"self":[{"href":"https:\/\/halukakakcevakfi.org\/en\/wp-json\/wp\/v2\/pages\/138","targetHints":{"allow":["GET"]}}],"collection":[{"href":"https:\/\/halukakakcevakfi.org\/en\/wp-json\/wp\/v2\/pages"}],"about":[{"href":"https:\/\/halukakakcevakfi.org\/en\/wp-json\/wp\/v2\/types\/page"}],"author":[{"embeddable":true,"href":"https:\/\/halukakakcevakfi.org\/en\/wp-json\/wp\/v2\/users\/1"}],"replies":[{"embeddable":true,"href":"https:\/\/halukakakcevakfi.org\/en\/wp-json\/wp\/v2\/comments?post=138"}],"version-history":[{"count":11,"href":"https:\/\/halukakakcevakfi.org\/en\/wp-json\/wp\/v2\/pages\/138\/revisions"}],"predecessor-version":[{"id":526,"href":"https:\/\/halukakakcevakfi.org\/en\/wp-json\/wp\/v2\/pages\/138\/revisions\/526"}],"wp:attachment":[{"href":"https:\/\/halukakakcevakfi.org\/en\/wp-json\/wp\/v2\/media?parent=138"}],"curies":[{"name":"wp","href":"https:\/\/api.w.org\/{rel}","templated":true}]}}